{"id":2,"date":"2009-08-21T23:51:30","date_gmt":"2009-08-21T21:51:30","guid":{"rendered":"http:\/\/lwd.moddulo.de\/?page_id=2"},"modified":"2025-11-06T17:18:14","modified_gmt":"2025-11-06T15:18:14","slug":"eine-seite","status":"publish","type":"page","link":"https:\/\/lwd.moddulo.de\/?page_id=2","title":{"rendered":"Idee"},"content":{"rendered":"<p>Es war einmal &#8230; auf irgendeinem Motorradtreffen glaube ich &#8230; da meinte Dixi, dass er auch schon lange nicht mehr im Oman war ;-) und doch gerne wieder mal ein paar Wochen dorthin m\u00f6chte &#8230;<br \/>\nAllerdings k\u00f6nnte man ja diesmal die Motorr\u00e4der nicht verschiffen, sondern selbst runterfahren&#8230;<br \/>\nSo enstand nach und nach die Idee zu einer Motorradtour mit folgenden Eckdaten:<br \/>\n<strong>Teil 1, Herbst 2009:<\/strong><br \/>\nWir fahren in einem Zeitraum von ca. 5 Wochen auf dem Landweg mit den Motorr\u00e4dern nach Dubai. Da man als Individualtourist nicht durch Saudi Arabien fahren kann, bleibt uns nur der Weg durch den Iran und dann mit der F\u00e4hre \u00fcber den Golf nach Dubai.<br \/>\nAber damit nicht genug &#8211; wenn man schon mal &#8222;in der Gegend&#8220; (Naher Osten) ist, kann man ja auch noch einen &#8222;kleinen Schlenker&#8220; durch Syrien und Jordanien machen, oder? Das klang soweit ganz gut. Aber nach der ersten Streckenplanung kam das b\u00f6se Erwachen: das werden dann wohl deutlich \u00fcber 10tkm, oder anders ausgedr\u00fcckt 300km pro Tag!<br \/>\nDa wir ja &#8218;reisen&#8216; und nicht &#8218;rasen&#8216; wollten, mu\u00dften wir von diesem zu hohen Tagesschnitt weg kommen. Deshalb beschlossen wir<br \/>\n1. Wir fahren nicht auf dem Landweg durch Slowenien, Kroatien, Griechenland usw., sondern nehmen die F\u00e4hre von Ancona nach Griechenland. Dann sind wir schon mal relativ z\u00fcgig in der T\u00fcrkei.<br \/>\n2. Wir sehen Syrien und Jordanien als eine Art Puffer an. Falls es sich abzeichnet, dass wir nicht nach 2 Wochen in Aqaba am Roten Meer sein k\u00f6nnen, werden wir Syrien und Jordanien entsprechend k\u00fcrzer gestalten.<br \/>\n3. Wir haben uns vorgenommen, morgens relativ fr\u00fch in die P\u00f6tte zu kommen, um den Tag voll ausnutzen zu k\u00f6nnen.<br \/>\n4. Unsere Liste der Sehensw\u00fcrdigkeiten soll nur eine Art Gedankenst\u00fctze sein, was man in der entsprechenden Gegend anschauen !k\u00f6nnte! Es besteht aber keineswegs eine Pflicht der Abarbeitung der Liste ;-)<br \/>\nWir wollen uns nicht unter Druck setzen und uns zu viel vornehmen. Der Zeitplan ist auch so schon sportlich genug und die R\u00fcckfl\u00fcge sollte man ja auch m\u00f6glichst noch erreichen.<br \/>\nIn Dubai wollen wir dann die Motorr\u00e4der f\u00fcr 3-4 Monate unterstellen.<br \/>\nDann folgt:<br \/>\n<strong>Teil 2, Anfang 2010:<\/strong><br \/>\nEnde Februar\/Anfang M\u00e4rz 2010 wollen wir wieder nach Dubai fliegen und mit unseren Motorr\u00e4dern in einem 3-w\u00f6chigen Zeitraum den Oman erkunden. Danach sollen dann die Maschinen zur\u00fcck nach Deutschland verschifft werden.<\/p>\n<p>Das ist der PLAN &#8211; schauen wir was die REALIT\u00c4T daraus macht.<br \/>\nUPDATE 12\/2009: aktuell planen wir Teil 2 unserer Tour im April 2010 durchzuf\u00fchren.<\/p>\n<p><span style=\"page-break-after: always;\"><!-- form feed --><\/span><\/p>\n<p><strong>geplante Route:<\/strong><br \/>\n<img loading=\"lazy\" decoding=\"async\" class=\"alignnone size-medium wp-image-58\" title=\"geplante Route\" src=\"http:\/\/lwd.moddulo.de\/wp-content\/uploads\/2009\/08\/route-500x422.png\" alt=\"geplante Route\" width=\"500\" height=\"422\" srcset=\"https:\/\/lwd.moddulo.de\/wp-content\/uploads\/2009\/08\/route-500x422.png 500w, https:\/\/lwd.moddulo.de\/wp-content\/uploads\/2009\/08\/route.png 672w\" sizes=\"auto, (max-width: 500px) 100vw, 500px\" \/><\/p>\n<p>&nbsp;<\/p>\n","protected":false},"excerpt":{"rendered":"<p>Es war einmal &#8230; auf irgendeinem Motorradtreffen glaube ich &#8230; da meinte Dixi, dass er auch schon lange nicht mehr im Oman war ;-) und doch gerne wieder mal ein paar Wochen dorthin m\u00f6chte &#8230; Allerdings k\u00f6nnte man ja diesmal die Motorr\u00e4der nicht verschiffen, sondern selbst runterfahren&#8230; So enstand nach und nach die Idee zu [&hellip;]<\/p>\n","protected":false},"author":7,"featured_media":0,"parent":0,"menu_order":1,"comment_status":"closed","ping_status":"closed","template":"","meta":{"ngg_post_thumbnail":0,"footnotes":""},"class_list":["post-2","page","type-page","status-publish","hentry"],"_links":{"self":[{"href":"https:\/\/lwd.moddulo.de\/index.php?rest_route=\/wp\/v2\/pages\/2","targetHints":{"allow":["GET"]}}],"collection":[{"href":"https:\/\/lwd.moddulo.de\/index.php?rest_route=\/wp\/v2\/pages"}],"about":[{"href":"https:\/\/lwd.moddulo.de\/index.php?rest_route=\/wp\/v2\/types\/page"}],"author":[{"embeddable":true,"href":"https:\/\/lwd.moddulo.de\/index.php?rest_route=\/wp\/v2\/users\/7"}],"replies":[{"embeddable":true,"href":"https:\/\/lwd.moddulo.de\/index.php?rest_route=%2Fwp%2Fv2%2Fcomments&post=2"}],"version-history":[{"count":5,"href":"https:\/\/lwd.moddulo.de\/index.php?rest_route=\/wp\/v2\/pages\/2\/revisions"}],"predecessor-version":[{"id":2650,"href":"https:\/\/lwd.moddulo.de\/index.php?rest_route=\/wp\/v2\/pages\/2\/revisions\/2650"}],"wp:attachment":[{"href":"https:\/\/lwd.moddulo.de\/index.php?rest_route=%2Fwp%2Fv2%2Fmedia&parent=2"}],"curies":[{"name":"wp","href":"https:\/\/api.w.org\/{rel}","templated":true}]}}